{"id":34419,"date":"2026-04-06T16:58:47","date_gmt":"2026-04-06T14:58:47","guid":{"rendered":"https:\/\/soizteifin.at\/?page_id=34419"},"modified":"2026-04-06T17:07:51","modified_gmt":"2026-04-06T15:07:51","slug":"soapsoccer","status":"publish","type":"page","link":"https:\/\/soizteifin.at\/en\/soapsoccer\/","title":{"rendered":"SoapSoccer 2026"},"content":{"rendered":"<div data-elementor-type=\"wp-page\" data-elementor-id=\"34419\" class=\"elementor elementor-34419\">\n\t\t\t\t<div class=\"elementor-element elementor-element-1cbf002 thegem-e-con-layout-thegem e-flex e-con-boxed e-con e-parent\" data-id=\"1cbf002\" data-element_type=\"container\" data-e-type=\"container\" data-settings=\"{&quot;thegem_container_layout&quot;:&quot;thegem&quot;}\">\r\n\t\t\t\t\t<div class=\"e-con-inner\">\r\n\t\t<div class=\"elementor-element elementor-element-5e5ec68 e-con-full thegem-e-con-layout-thegem e-flex e-con e-child\" data-id=\"5e5ec68\" data-element_type=\"container\" data-e-type=\"container\" data-settings=\"{&quot;thegem_container_layout&quot;:&quot;thegem&quot;}\">\r\n\t\t\t\t<div class=\"elementor-element elementor-element-b1563b7 flex-horizontal-align-default flex-horizontal-align-tablet-default flex-horizontal-align-mobile-default flex-vertical-align-default flex-vertical-align-tablet-default flex-vertical-align-mobile-default elementor-widget elementor-widget-image\" data-id=\"b1563b7\" data-element_type=\"widget\" data-e-type=\"widget\" data-widget_type=\"image.default\">\n\t\t\t\t<div class=\"elementor-widget-container\">\n\t\t\t\t\t\t\t\t\t\t\t\t\t\t\t<img width=\"724\" height=\"1024\" src=\"https:\/\/soizteifin.at\/wp-content\/uploads\/2026\/04\/website_export-724x1024.png\" class=\"attachment-large size-large wp-image-34404\" alt=\"\" srcset=\"https:\/\/soizteifin.at\/wp-content\/uploads\/2026\/04\/website_export-724x1024.png 724w, https:\/\/soizteifin.at\/wp-content\/uploads\/2026\/04\/website_export-212x300.png 212w, https:\/\/soizteifin.at\/wp-content\/uploads\/2026\/04\/website_export-768x1086.png 768w, https:\/\/soizteifin.at\/wp-content\/uploads\/2026\/04\/website_export-1086x1536.png 1086w, https:\/\/soizteifin.at\/wp-content\/uploads\/2026\/04\/website_export-8x12.png 8w, https:\/\/soizteifin.at\/wp-content\/uploads\/2026\/04\/website_export-600x848.png 600w, https:\/\/soizteifin.at\/wp-content\/uploads\/2026\/04\/website_export.png 1169w\" sizes=\"(max-width: 724px) 100vw, 724px\" \/>\t\t\t\t\t\t\t\t\t\t\t\t\t\t\t<\/div>\n\t\t\t\t<\/div>\n\t\t\t\t<\/div>\n\t\t<div class=\"elementor-element elementor-element-5a1c435 e-con-full thegem-e-con-layout-thegem e-flex e-con e-child\" data-id=\"5a1c435\" data-element_type=\"container\" data-e-type=\"container\" data-settings=\"{&quot;thegem_container_layout&quot;:&quot;thegem&quot;}\">\r\n\t\t\t\t<div class=\"elementor-element elementor-element-46aeb85 flex-horizontal-align-default flex-horizontal-align-tablet-default flex-horizontal-align-mobile-default flex-vertical-align-default flex-vertical-align-tablet-default flex-vertical-align-mobile-default elementor-widget elementor-widget-text-editor\" data-id=\"46aeb85\" data-element_type=\"widget\" data-e-type=\"widget\" data-widget_type=\"text-editor.default\">\n\t\t\t\t<div class=\"elementor-widget-container\">\n\t\t\t\t\t\t\t\t\t\t\t\t<div class=\"elementor-text-editor elementor-clearfix\">\r\n\t\t\t\t\t\t<p>\ud83d\udca6\u26bd <strong>SOAP SOCCER TURNIER 2026<\/strong> \u26bd\ud83d\udca6<\/p><p>Rutschiger geht\u2019s nicht \u2013 und lustiger auch nicht!<br \/>Mach dich bereit f\u00fcr das wohl wildeste Fu\u00dfball-Event des Jahres \ud83e\udee7<\/p><p>\ud83d\udcc5 <strong>04. Juli 2026<\/strong><br \/>\ud83d\udccd <strong>ESV Bad Vigaun<\/strong> (n\u00e4he Trattenweg 221)<\/p><p>\ud83d\udd59 <strong>Anmeldung:<\/strong> 10:00 \u2013 12:00 Uhr<br \/>\u26bd <strong>Spielbeginn:<\/strong> 12:30 Uhr<\/p><p>\ud83d\udc65 <strong>Teams:<\/strong> 5 Spieler pro Team<br \/>\ud83d\udeab <strong>Limit:<\/strong> max. 16 Teams \u2013 schnell anmelden!<\/p><p>\ud83c\udf54\ud83e\udd64 F\u00fcr <strong>Essen &amp; Trinken<\/strong> ist nat\u00fcrlich bestens gesorgt<br \/>\ud83c\udfc6 Und f\u00fcr die ganz Mutigen gibt\u2019s den legend\u00e4ren <strong>Promille-Pokal<\/strong> \ud83c\udf7b<\/p><p>Ob du spielst oder zuschaust \u2013 Spa\u00df, Action und jede Menge Rutschpartien sind garantiert!<\/p><p>\ud83d\udc49 Also Team schnappen, anmelden und ab auf die Seifenfl\u00e4che!<\/p><p><strong>Wer nicht rutscht, verliert! \ud83d\ude04<\/strong><\/p><p>\u26a0\ufe0f Die Teilnahme erfolgt auf eigene Gefahr. Der Veranstalter haftet nicht f\u00fcr Unf\u00e4lle, Sch\u00e4den oder Verletzungen, au\u00dfer bei grober Fahrl\u00e4ssigkeit oder Vorsatz.<\/p>\t\t\t\t\t\t\t<\/div>\r\n\t\t\t\t\t\t\t\t\t\t<\/div>\n\t\t\t\t<\/div>\n\t\t\t\t<div class=\"elementor-element elementor-element-aa056ff flex-horizontal-align-default flex-horizontal-align-tablet-default flex-horizontal-align-mobile-default flex-vertical-align-default flex-vertical-align-tablet-default flex-vertical-align-mobile-default elementor-widget elementor-widget-button\" data-id=\"aa056ff\" data-element_type=\"widget\" data-e-type=\"widget\" data-widget_type=\"button.default\">\n\t\t\t\t<div class=\"elementor-widget-container\">\n\t\t\t\t\t\t\t\t\t<div class=\"elementor-button-wrapper\">\n\t\t\t\t\t<a class=\"elementor-button elementor-button-link elementor-size-sm\" href=\"#\">\n\t\t\t\t\t\t<span class=\"elementor-button-content-wrapper\">\n\t\t\t\t\t\t\t\t\t<span class=\"elementor-button-text\">Hier geht's zur Anmeldung<\/span>\n\t\t\t\t\t<\/span>\n\t\t\t\t\t<\/a>\n\t\t\t\t<\/div>\n\t\t\t\t\t\t\t\t<\/div>\n\t\t\t\t<\/div>\n\t\t\t\t<\/div>\n\t\t\t\t\t<\/div>\n\t\t\t\t<\/div>\n\t\t<div class=\"elementor-element elementor-element-b6108ff thegem-e-con-layout-thegem e-flex e-con-boxed e-con e-parent\" data-id=\"b6108ff\" data-element_type=\"container\" data-e-type=\"container\" data-settings=\"{&quot;thegem_container_layout&quot;:&quot;thegem&quot;}\">\r\n\t\t\t\t\t<div class=\"e-con-inner\">\r\n\t\t\t\t<div class=\"elementor-element elementor-element-5a9ec07 elementor-widget-divider--view-line flex-horizontal-align-default flex-horizontal-align-tablet-default flex-horizontal-align-mobile-default flex-vertical-align-default flex-vertical-align-tablet-default flex-vertical-align-mobile-default elementor-widget elementor-widget-divider\" data-id=\"5a9ec07\" data-element_type=\"widget\" data-e-type=\"widget\" data-widget_type=\"divider.default\">\n\t\t\t\t<div class=\"elementor-widget-container\">\n\t\t\t\t\t\t\t<div class=\"elementor-divider\">\n\t\t\t<span class=\"elementor-divider-separator\">\n\t\t\t\t\t\t<\/span>\n\t\t<\/div>\n\t\t\t\t\t\t<\/div>\n\t\t\t\t<\/div>\n\t\t\t\t\t<\/div>\n\t\t\t\t<\/div>\n\t\t<div class=\"elementor-element elementor-element-902d4be thegem-e-con-layout-thegem e-flex e-con-boxed e-con e-parent\" data-id=\"902d4be\" data-element_type=\"container\" data-e-type=\"container\" data-settings=\"{&quot;thegem_container_layout&quot;:&quot;thegem&quot;}\">\r\n\t\t\t\t\t<div class=\"e-con-inner\">\r\n\t\t<div class=\"elementor-element elementor-element-bae74c4 e-con-full thegem-e-con-layout-thegem e-flex e-con e-child\" data-id=\"bae74c4\" data-element_type=\"container\" data-e-type=\"container\" data-settings=\"{&quot;thegem_container_layout&quot;:&quot;thegem&quot;}\">\r\n\t\t\t\t<div class=\"elementor-element elementor-element-30023dc flex-horizontal-align-default flex-horizontal-align-tablet-default flex-horizontal-align-mobile-default flex-vertical-align-default flex-vertical-align-tablet-default flex-vertical-align-mobile-default elementor-widget elementor-widget-heading\" data-id=\"30023dc\" data-element_type=\"widget\" data-e-type=\"widget\" data-widget_type=\"heading.default\">\n\t\t\t\t<div class=\"elementor-widget-container\">\n\t\t\t\t\t<h2 class=\"elementor-heading-title elementor-size-default\">Hast du fragen? Kontaktiere uns!<\/h2>\t\t\t\t<\/div>\n\t\t\t\t<\/div>\n\t\t\t\t<div class=\"elementor-element elementor-element-84f6a43 flex-horizontal-align-default flex-horizontal-align-tablet-default flex-horizontal-align-mobile-default flex-vertical-align-default flex-vertical-align-tablet-default flex-vertical-align-mobile-default elementor-widget elementor-widget-thegem-contact-form7\" data-id=\"84f6a43\" data-element_type=\"widget\" data-e-type=\"widget\" data-settings=\"{&quot;thegem_elementor_preset&quot;:&quot;default&quot;}\" data-widget_type=\"thegem-contact-form7.default\">\n\t\t\t\t<div class=\"elementor-widget-container\">\n\t\t\t\t\t\n<div class=\"wpcf7 no-js\" id=\"wpcf7-f7-o1\" lang=\"de-DE\" dir=\"ltr\" data-wpcf7-id=\"7\">\n<div class=\"screen-reader-response\"><p role=\"status\" aria-live=\"polite\" aria-atomic=\"true\"><\/p> <ul><\/ul><\/div>\n<form action=\"\/en\/wp-json\/wp\/v2\/pages\/34419#wpcf7-f7-o1\" method=\"post\" class=\"wpcf7-form init thegem-cf7 form-84f6a43 label-top\" aria-label=\"Kontaktformular\" novalidate=\"novalidate\" data-status=\"init\" data-trp-original-action=\"\/en\/wp-json\/wp\/v2\/pages\/34419#wpcf7-f7-o1\">\n<fieldset class=\"hidden-fields-container\"><legend class=\"screen-reader-text\">Hidden fields<\/legend><input type=\"hidden\" name=\"_wpcf7\" value=\"7\" \/><input type=\"hidden\" name=\"_wpcf7_version\" value=\"6.1.5\" \/><input type=\"hidden\" name=\"_wpcf7_locale\" value=\"de_DE\" \/><input type=\"hidden\" name=\"_wpcf7_unit_tag\" value=\"wpcf7-f7-o1\" \/><input type=\"hidden\" name=\"_wpcf7_container_post\" value=\"0\" \/><input type=\"hidden\" name=\"_wpcf7_posted_data_hash\" value=\"\" \/>\n<\/fieldset>\n<label> Your Name\n    <span class=\"wpcf7-form-control-wrap\" data-name=\"your-name\"><input size=\"40\" maxlength=\"400\" class=\"wpcf7-form-control wpcf7-text wpcf7-validates-as-required\" autocomplete=\"name\" aria-required=\"true\" aria-invalid=\"false\" value=\"\" type=\"text\" name=\"your-name\" \/><\/span> <\/label>\n\n<label> Your email address\n    <span class=\"wpcf7-form-control-wrap\" data-name=\"your-email\"><input size=\"40\" maxlength=\"400\" class=\"wpcf7-form-control wpcf7-email wpcf7-validates-as-required wpcf7-text wpcf7-validates-as-email\" autocomplete=\"email\" aria-required=\"true\" aria-invalid=\"false\" value=\"\" type=\"email\" name=\"your-email\" \/><\/span> <\/label>\n\n<label> Subject\n    <span class=\"wpcf7-form-control-wrap\" data-name=\"your-subject\"><input size=\"40\" maxlength=\"400\" class=\"wpcf7-form-control wpcf7-text wpcf7-validates-as-required\" aria-required=\"true\" aria-invalid=\"false\" value=\"\" type=\"text\" name=\"your-subject\" \/><\/span> <\/label>\n\n<label> Your Message\n    <span class=\"wpcf7-form-control-wrap\" data-name=\"your-message\"><textarea cols=\"40\" rows=\"10\" maxlength=\"2000\" class=\"wpcf7-form-control wpcf7-textarea\" aria-invalid=\"false\" name=\"your-message\"><\/textarea><\/span> <\/label>\n\n<input class=\"wpcf7-form-control wpcf7-submit has-spinner\" type=\"submit\" value=\"SEND\" \/><div class=\"wpcf7-response-output\" aria-hidden=\"true\"><\/div>\n<input type=\"hidden\" name=\"trp-form-language\" value=\"en\"\/><\/form>\n<\/div>\n\t\t\t\t<\/div>\n\t\t\t\t<\/div>\n\t\t\t\t<\/div>\n\t\t<div class=\"elementor-element elementor-element-f4c4885 e-con-full thegem-e-con-layout-thegem e-flex e-con e-child\" data-id=\"f4c4885\" data-element_type=\"container\" data-e-type=\"container\" data-settings=\"{&quot;thegem_container_layout&quot;:&quot;thegem&quot;}\">\r\n\t\t\t\t<div class=\"elementor-element elementor-element-a0643a8 flex-horizontal-align-default flex-horizontal-align-tablet-default flex-horizontal-align-mobile-default flex-vertical-align-default flex-vertical-align-tablet-default flex-vertical-align-mobile-default elementor-widget elementor-widget-image\" data-id=\"a0643a8\" data-element_type=\"widget\" data-e-type=\"widget\" data-widget_type=\"image.default\">\n\t\t\t\t<div class=\"elementor-widget-container\">\n\t\t\t\t\t\t\t\t\t\t\t\t\t\t\t<img width=\"768\" height=\"1024\" src=\"https:\/\/soizteifin.at\/wp-content\/uploads\/2024\/12\/LOGO_SoizTeifin_white-768x1024.png\" class=\"attachment-large size-large wp-image-33258\" alt=\"\" srcset=\"https:\/\/soizteifin.at\/wp-content\/uploads\/2024\/12\/LOGO_SoizTeifin_white-768x1024.png 768w, https:\/\/soizteifin.at\/wp-content\/uploads\/2024\/12\/LOGO_SoizTeifin_white-225x300.png 225w, https:\/\/soizteifin.at\/wp-content\/uploads\/2024\/12\/LOGO_SoizTeifin_white-1152x1536.png 1152w, https:\/\/soizteifin.at\/wp-content\/uploads\/2024\/12\/LOGO_SoizTeifin_white-1536x2048.png 1536w, https:\/\/soizteifin.at\/wp-content\/uploads\/2024\/12\/LOGO_SoizTeifin_white-600x800.png 600w, https:\/\/soizteifin.at\/wp-content\/uploads\/2024\/12\/LOGO_SoizTeifin_white.png 1771w\" sizes=\"(max-width: 768px) 100vw, 768px\" \/>\t\t\t\t\t\t\t\t\t\t\t\t\t\t\t<\/div>\n\t\t\t\t<\/div>\n\t\t\t\t<\/div>\n\t\t\t\t\t<\/div>\n\t\t\t\t<\/div>\n\t\t<div class=\"elementor-element elementor-element-cf96bd5 thegem-e-con-layout-thegem e-flex e-con-boxed e-con e-parent\" data-id=\"cf96bd5\" data-element_type=\"container\" data-e-type=\"container\" data-settings=\"{&quot;thegem_container_layout&quot;:&quot;thegem&quot;}\">\r\n\t\t\t\t\t<div class=\"e-con-inner\">\r\n\t\t\t\t\t<\/div>\n\t\t\t\t<\/div>\n\t\t\t\t<\/div>","protected":false},"excerpt":{"rendered":"<p>\ud83d\udca6\u26bd SOAP SOCCER TURNIER 2026 \u26bd\ud83d\udca6 Rutschiger geht\u2019s nicht \u2013 und lustiger auch nicht!Mach dich bereit f\u00fcr das wohl wildeste&#8230;<\/p>","protected":false},"author":1,"featured_media":0,"parent":0,"menu_order":0,"comment_status":"closed","ping_status":"closed","template":"page-fullwidth.php","meta":{"footnotes":""},"class_list":["post-34419","page","type-page","status-publish"],"_links":{"self":[{"href":"https:\/\/soizteifin.at\/en\/wp-json\/wp\/v2\/pages\/34419","targetHints":{"allow":["GET"]}}],"collection":[{"href":"https:\/\/soizteifin.at\/en\/wp-json\/wp\/v2\/pages"}],"about":[{"href":"https:\/\/soizteifin.at\/en\/wp-json\/wp\/v2\/types\/page"}],"author":[{"embeddable":true,"href":"https:\/\/soizteifin.at\/en\/wp-json\/wp\/v2\/users\/1"}],"replies":[{"embeddable":true,"href":"https:\/\/soizteifin.at\/en\/wp-json\/wp\/v2\/comments?post=34419"}],"version-history":[{"count":10,"href":"https:\/\/soizteifin.at\/en\/wp-json\/wp\/v2\/pages\/34419\/revisions"}],"predecessor-version":[{"id":34438,"href":"https:\/\/soizteifin.at\/en\/wp-json\/wp\/v2\/pages\/34419\/revisions\/34438"}],"wp:attachment":[{"href":"https:\/\/soizteifin.at\/en\/wp-json\/wp\/v2\/media?parent=34419"}],"curies":[{"name":"wp","href":"https:\/\/api.w.org\/{rel}","templated":true}]}}